{"id":1876,"date":"2024-10-27T13:48:15","date_gmt":"2024-10-27T13:48:15","guid":{"rendered":"https:\/\/thebdmbet.com\/app\/"},"modified":"2026-01-23T15:18:02","modified_gmt":"2026-01-23T15:18:02","slug":"aplicacao","status":"publish","type":"page","link":"https:\/\/thebdmbet.com\/pt-pt\/aplicacao\/","title":{"rendered":"Aplica\u00e7\u00e3o"},"content":{"rendered":"<h1>Aplica\u00e7\u00e3o BDMBet<\/h1>\n<p>A aplica\u00e7\u00e3o BDMBet d\u00e1-lhe acesso a mais de 6.000 das melhores slots e jogos de casino ao vivo diretamente a partir do seu dispositivo m\u00f3vel. Tem uma interface simples de navegar com v\u00e1rias funcionalidades \u00fateis. Por exemplo, gra\u00e7as aos alertas push integrados, nunca perder\u00e1 uma \u00fanica campanha promocional e estar\u00e1 sempre a tempo de ganhar grandes pr\u00e9mios.<\/p>\n<p>Tal como o nosso site, a aplica\u00e7\u00e3o BDMBet Casino foi concebida de acordo com os mais elevados padr\u00f5es de seguran\u00e7a de dados. Ao desenvolv\u00ea-la, implement\u00e1mos tecnologia de encripta\u00e7\u00e3o de ponta que protege as informa\u00e7\u00f5es e transa\u00e7\u00f5es dos utilizadores.<\/p>\n<p>A aplica\u00e7\u00e3o BDM Bet \u00e9 totalmente gratuita para download. Instal\u00e1-la no seu dispositivo significa obter o acesso mais f\u00e1cil poss\u00edvel a uma experi\u00eancia diversificada de jogo online com b\u00f3nus atraentes e um sistema de apoio ao cliente fi\u00e1vel \u2013 independentemente de onde estiver.<\/p>\n<p><span style=\"font-size: 16px\"><div class=\"banner-wrap\" aria-label=\"Banner\"><img src=\"https:\/\/thebdmbet.com\/wp-content\/uploads\/2025\/01\/Banner-Desktop.png\" class=\"w-100 d-none d-lg-block img-pc main-banner-img\" alt=\"Banner &#8211; Desktop\" fetchpriority=\"high\" decoding=\"async\"><img src=\"https:\/\/thebdmbet.com\/wp-content\/uploads\/2025\/01\/Banner-Mobile.png\" class=\"w-100 d-none d-md-block d-lg-none main-banner-img\" alt=\"Banner &#8211; Mobile\" fetchpriority=\"high\" decoding=\"async\"><img src=\"https:\/\/thebdmbet.com\/wp-content\/uploads\/2025\/01\/Banner-Mobile.png\" class=\"w-100 d-md-none\" alt=\"Banner &#8211; Mobile\" fetchpriority=\"high\" decoding=\"async\"><div class=\"banner-description\">\n<div class=\"banner-title\">B\u00f3nus de Boas-Vindas<\/div>\n<p class=\"banner-header-title\">\u20ac1500<\/p>\n<div class=\"banner-header-AdditionalText\"><span style=\"font-weight: 400\">+250 Giros Gr\u00e1tis<\/span><\/div>\n<p>&nbsp;<\/p>\n<div class=\"m-button-content\"><\/div>\n<button data-item=\"homepage_banner_link\" class=\"goto m-button m-gradient-border m-button--primary m-button--large banner-button btn-orange\">\n            <div class=\"m-button-content\">\n                <span>Registar Agora<\/span>\n                <span><\/span>\n            <\/div>\n        <\/button>\n<\/div>\n<div class=\"WelcomePack\">\n<p><img loading=\"lazy\" decoding=\"async\" class=\"alignnone size-full wp-image-1840\" src=\"https:\/\/thebdmbet.com\/wp-content\/uploads\/2026\/01\/welcome-crown.png\" alt=\"welcome crown\" width=\"25\" height=\"26\" \/><\/p>\n<div class=\"WelcomePack-Info\">Cashback Semanal at\u00e9 25 %<\/div>\n<p><img loading=\"lazy\" decoding=\"async\" class=\"alignnone size-full wp-image-1840\" src=\"https:\/\/thebdmbet.com\/wp-content\/uploads\/2026\/01\/welcome-crown.png\" alt=\"welcome crown\" width=\"25\" height=\"26\" \/><\/p>\n<\/div>\n<\/div><\/span><\/p>\n<h2>Principais caracter\u00edsticas<\/h2>\n<p>A aplica\u00e7\u00e3o BDM Bet tem um cat\u00e1logo incr\u00edvel com mais de 6.000 jogos, onde pode escolher entre uma variedade de slots, jogos de mesa, op\u00e7\u00f5es de casino ao vivo com crupi\u00eas reais, atividades de apostas desportivas, etc. Uma biblioteca t\u00e3o vasta permite que todos encontrem algo que se adapte aos seus interesses e necessidades exclusivos.<\/p>\n<p>Tamb\u00e9m oferecemos um b\u00f3nus de boas-vindas tentador de \u20ac1.500 + 250 rodadas gr\u00e1tis. Outras promo\u00e7\u00f5es incluem reembolsos regulares, campanhas sazonais, pr\u00e9mios para torneios internacionais e outros incentivos que visam duplicar a sua satisfa\u00e7\u00e3o com os jogos, dando-lhe mais chances de ganhar recompensas significativas.<\/p>\n<p><span style=\"font-size: 16px\"><div style=\"clear: both\"><\/div><div class=\"d-flex justify-content-center\"><button data-item=\"decouvrez_link\" data-group=\"website_links\" class=\"goto fw-bold rounded-pill btn btn-orange\" aria-label=\"Descarregue a aplica\u00e7\u00e3o BDMBet\" >Descarregue a aplica\u00e7\u00e3o BDMBet<\/button><\/div><\/span><\/p>\n<p><div class=\"scrollable-content-wrap my-5\"><div class=\"scrollable-content-inner\"><h2>BDMBet Casino APK (Android)<\/h2>\n<p>Para come\u00e7ar a usar o aplicativo BDMBet Casino no seu dispositivo Android, acesse o nosso site oficial para garantir que a vers\u00e3o do aplicativo m\u00f3vel que voc\u00ea est\u00e1 prestes a baixar est\u00e1 atualizada e n\u00e3o \u00e9 falsa.<\/p>\n<p>O link para download do ficheiro APK do BDMBet para Android est\u00e1 dispon\u00edvel no nosso site. Como a aplica\u00e7\u00e3o n\u00e3o est\u00e1 dispon\u00edvel na Google Play Store, \u00e9 necess\u00e1rio ajustar as configura\u00e7\u00f5es de seguran\u00e7a do seu dispositivo Android para poder instalar aplica\u00e7\u00f5es de fontes desconhecidas.<\/p>\n<p>Veja como fazer isso passo a passo:<\/p>\n<ol>\n<li>Abra as Defini\u00e7\u00f5es no seu dispositivo.<\/li>\n<li>V\u00e1 para Aplica\u00e7\u00f5es, clique no menu de tr\u00eas pontos no canto superior direito do ecr\u00e3 e selecione \u00abAcesso especial\u00bb.<\/li>\n<li>Navegue at\u00e9 \u00abInstalar aplica\u00e7\u00f5es desconhecidas\u00bb e, em seguida, indique quais as fontes que podem ser utilizadas para instalar aplica\u00e7\u00f5es desconhecidas (ou seja, Chrome ou outro navegador \u00e0 sua escolha).<\/li>\n<li>Depois de ativar esta configura\u00e7\u00e3o, transfira o ficheiro aplica\u00e7\u00e3o m\u00f3vel do site da BDMBet e prossiga com a instala\u00e7\u00e3o.<\/li>\n<li>Depois disso, pode abrir a aplica\u00e7\u00e3o BDM Bet no seu dispositivo.<\/li>\n<li>Crie uma conta (ou inicie sess\u00e3o numa conta j\u00e1 criada) e desfrute imediatamente de centenas de jogos de casino.<\/li>\n<\/ol>\n<p>Desta forma, poder\u00e1 desfrutar de uma experi\u00eancia de jogo online ininterrupta e segura no seu dispositivo Android em apenas alguns minutos.<\/p>\n<\/div><\/div><br \/>\n<div style=\"clear: both\"><\/div><div class=\"d-flex justify-content-center\"><button data-item=\"decouvrez_link\" data-group=\"website_links\" class=\"goto fw-bold rounded-pill btn btn-orange\" aria-label=\"Descarregue a aplica\u00e7\u00e3o BDMBet\" >Descarregue a aplica\u00e7\u00e3o BDMBet<\/button><\/div><\/p>\n<p><img loading=\"lazy\" decoding=\"async\" class=\"aligncenter wp-image-1502 size-full\" src=\"https:\/\/thebdmbet.com\/wp-content\/uploads\/2025\/04\/M90imuK0joEUc3BIbvIR.png\" alt=\"\" width=\"1248\" height=\"536\" srcset=\"https:\/\/thebdmbet.com\/wp-content\/uploads\/2025\/04\/M90imuK0joEUc3BIbvIR.png 1248w, https:\/\/thebdmbet.com\/wp-content\/uploads\/2025\/04\/M90imuK0joEUc3BIbvIR-300x129.png 300w, https:\/\/thebdmbet.com\/wp-content\/uploads\/2025\/04\/M90imuK0joEUc3BIbvIR-1024x440.png 1024w, https:\/\/thebdmbet.com\/wp-content\/uploads\/2025\/04\/M90imuK0joEUc3BIbvIR-768x330.png 768w\" sizes=\"auto, (max-width: 1248px) 100vw, 1248px\" \/><br \/>\n<div class=\"scrollable-content-wrap my-5\"><div class=\"scrollable-content-inner\"><h2>Aplica\u00e7\u00e3o BDMBet Casino para o seu dispositivo iOS<\/h2>\n<p>Para aceder \u00e0 aplica\u00e7\u00e3o BDMBet Casino em dispositivos iOS, como iPhone ou iPad, basta seguir os mesmos passos simples:<\/p>\n<ol>\n<li>Fa\u00e7a o download do ficheiro aplica\u00e7\u00e3o m\u00f3vel no site oficial da BDMBet.<\/li>\n<li>V\u00e1 para a pasta de downloads e localize o ficheiro para iniciar o processo de lan\u00e7amento.<\/li>\n<li>Quando a instala\u00e7\u00e3o estiver conclu\u00edda, abra a aplica\u00e7\u00e3o e inicie sess\u00e3o com as credenciais da sua conta.<\/li>\n<li>Caso o seu dispositivo iOS n\u00e3o permita o download de aplica\u00e7\u00f5es de fontes desconhecidas, ajuste as suas configura\u00e7\u00f5es de seguran\u00e7a para contornar a proibi\u00e7\u00e3o.<\/li>\n<\/ol>\n<p>E \u00e9 isso \u2013 agora pode desfrutar de uma experi\u00eancia de jogo suave com uma enorme sele\u00e7\u00e3o de jogos de casino da BDMBet diretamente no seu dispositivo iOS.<\/p>\n<\/div><\/div><br \/>\n<div style=\"clear: both\"><\/div><div class=\"d-flex justify-content-center\"><button data-item=\"decouvrez_link\" data-group=\"website_links\" class=\"goto fw-bold rounded-pill btn btn-orange\" aria-label=\"Descarregue a aplica\u00e7\u00e3o BDMBet\" >Descarregue a aplica\u00e7\u00e3o BDMBet<\/button><\/div><br \/>\n<div class=\"scrollable-content-wrap my-5\"><div class=\"scrollable-content-inner\"><h2>Aplica\u00e7\u00e3o BDMBet Casino para Windows\/macOS<\/h2>\n<p>A melhor maneira de desfrutar do BDM Bet Casino no Windows ou macOS \u00e9 atrav\u00e9s da vers\u00e3o para navegador do nosso site. Em outras palavras, n\u00e3o precisa instalar nenhum programa no seu dispositivo, basta fazer login na sua conta BDMBet atrav\u00e9s de um aplicativo web (por exemplo, Chrome) e desfrutar de todos os recursos que temos dispon\u00edveis.<\/p>\n<p>Independentemente da sua escolha \u2013 a vers\u00e3o para navegador, a aplica\u00e7\u00e3o m\u00f3vel ou um navegador m\u00f3vel \u2013 o BDMBet Casino garante-lhe acesso vital\u00edcio aos seus jogos de casino favoritos e uma experi\u00eancia de jogo de primeira classe.<\/p>\n<table>\n<tbody>\n<tr>\n<td>Recurso<\/td>\n<td>Vers\u00e3o para computador<\/td>\n<td>Aplica\u00e7\u00e3o m\u00f3vel<\/td>\n<\/tr>\n<tr>\n<td>Sele\u00e7\u00e3o de jogos<\/td>\n<td>Mais de 6.000 itens no cat\u00e1logo.<\/p>\n<p>A biblioteca \u00e9 constantemente atualizada.<\/td>\n<td>A biblioteca est\u00e1 otimizada para uma melhor experi\u00eancia m\u00f3vel.<\/p>\n<p>S\u00e3o necess\u00e1rias atualiza\u00e7\u00f5es manuais para aceder aos jogos rec\u00e9m-lan\u00e7ados.<\/td>\n<\/tr>\n<tr>\n<td>Casino ao Vivo<\/td>\n<td>Transmiss\u00e3o ao vivo em um grande ecr\u00e3 de computador.<\/td>\n<td>Adaptado para ecr\u00e3s mais pequenos + controlos t\u00e1teis integrados.<\/td>\n<\/tr>\n<tr>\n<td>B\u00f3nus e promo\u00e7\u00f5es<\/td>\n<td>Acesso a todos os b\u00f3nus dispon\u00edveis atrav\u00e9s da sua conta do casino.<\/td>\n<td>Alertas push adicionais sobre novas promo\u00e7\u00f5es e torneios.<\/td>\n<\/tr>\n<tr>\n<td>Atualiza\u00e7\u00f5es<\/td>\n<td>Atualizado automaticamente.<\/td>\n<td>\u00c9 necess\u00e1rio reinstalar a aplica\u00e7\u00e3o BDM Bet para mant\u00ea-la atualizada.<\/td>\n<\/tr>\n<tr>\n<td>Pagamentos<\/td>\n<td>Todos os m\u00e9todos de dep\u00f3sito e levantamento est\u00e3o dispon\u00edveis.<\/td>\n<td>Os mesmos m\u00e9todos, mas com acesso e transa\u00e7\u00f5es mais r\u00e1pidos.<\/td>\n<\/tr>\n<tr>\n<td>Interface do utilizador<\/td>\n<td>Compat\u00edvel com uma ampla gama de dispositivos.<\/p>\n<p>Acess\u00edvel instantaneamente a partir da web.<\/td>\n<td>Adaptado para ecr\u00e3s m\u00f3veis.<\/p>\n<p>Equipado com controlos t\u00e1teis para facilitar os jogos.<\/p>\n<p>Tem tempos de carregamento mais r\u00e1pidos.<\/p>\n<p>Integra\u00e7\u00e3o profunda do dispositivo (ou seja, notifica\u00e7\u00f5es, sincroniza\u00e7\u00e3o com aplica\u00e7\u00f5es de pagamento, etc.).<\/td>\n<\/tr>\n<\/tbody>\n<\/table>\n<\/div><\/div><br \/>\n<div style=\"clear: both\"><\/div><div class=\"d-flex justify-content-center\"><button data-item=\"decouvrez_link\" data-group=\"website_links\" class=\"goto fw-bold rounded-pill btn btn-orange\" aria-label=\"Descarregue a aplica\u00e7\u00e3o BDMBet\" >Descarregue a aplica\u00e7\u00e3o BDMBet<\/button><\/div><br \/>\n<div class=\"scrollable-content-wrap my-5\"><div class=\"scrollable-content-inner\"><h2>Perguntas frequentes<\/h2>\n<h3>A aplica\u00e7\u00e3o BDM Bet Casino tem servi\u00e7os de apoio ao cliente?<\/h3>\n<p>Sim, pode contactar o BDM Bet Casino atrav\u00e9s da aplica\u00e7\u00e3o m\u00f3vel ou da p\u00e1gina web. Pode contactar-nos atrav\u00e9s do LiveChat para obter a solu\u00e7\u00e3o mais r\u00e1pida para o seu problema (respondemos em menos de 2 minutos). Outra op\u00e7\u00e3o \u00e9 enviar-nos um e-mail \u2013 os nossos especialistas do servi\u00e7o de apoio ao cliente costumam responder em 24 horas.<\/p>\n<h3>Existe algum aplicativo do BDMBet Casino para Windows e macOS?<\/h3>\n<p>Os utilizadores do Windows e macOS podem aceder ao BDMBet Casino atrav\u00e9s de qualquer aplica\u00e7\u00e3o web instalada no seu ambiente de trabalho (por exemplo, Chrome, Firefox, etc.). Tamb\u00e9m temos uma aplica\u00e7\u00e3o para dispositivos m\u00f3veis que pode ser descarregada.<\/p>\n<h3>O BDM Bet Casino tem requisitos para a cria\u00e7\u00e3o de conta?<\/h3>\n<p>Sim, deve concluir o processo de registo para usufruir de toda a experi\u00eancia da BDM Bet. Ap\u00f3s registar a sua conta, poder\u00e1 fazer dep\u00f3sitos, utilizar as promo\u00e7\u00f5es oferecidas e visualizar o seu hist\u00f3rico pessoal de apostas. O registo n\u00e3o \u00e9 complicado \u2013 basta fornecer os dados pessoais m\u00ednimos para se identificar e garantir opera\u00e7\u00f5es legais seguras.<\/p>\n<h3>Existe um casino ao vivo na aplica\u00e7\u00e3o BDMBet Casino?<\/h3>\n<p>A aplica\u00e7\u00e3o BDMBet Casino apresenta todas as suas mesas com crupi\u00ea ao vivo favoritas, com blackjack, roleta, p\u00f3quer, bacar\u00e1 e muito mais. Os jogos s\u00e3o jogados ao vivo, o que lhes confere uma sensa\u00e7\u00e3o realista de um aut\u00eantico casino f\u00edsico. A aplica\u00e7\u00e3o m\u00f3vel tem uma interface simples que \u00e9 totalmente adaptada a ecr\u00e3s mais pequenos. Permite-lhe participar em mesas ao vivo e comunicar com crupi\u00eas profissionais de forma conveniente.<\/p>\n<h3>A aplica\u00e7\u00e3o suporta todos os jogos?<\/h3>\n<p>A maioria dos jogos do BDM Bet Casino est\u00e1 dispon\u00edvel atrav\u00e9s da aplica\u00e7\u00e3o: slots, mesas, crupi\u00eas ao vivo, etc. No entanto, algumas funcionalidades raras ou novas s\u00f3 podem ser utilizadas no site para computador. Fazemos o nosso melhor para desenvolver e atualizar a nossa aplica\u00e7\u00e3o m\u00f3vel regularmente, a fim de aumentar o n\u00famero de jogos oferecidos e melhorar a experi\u00eancia do utilizador em todos os tipos de dispositivos.<\/p>\n<h3>Como atualizar a aplica\u00e7\u00e3o BDM Bet Casino?<\/h3>\n<p>Ao contr\u00e1rio da vers\u00e3o para navegador do nosso site, a aplica\u00e7\u00e3o m\u00f3vel n\u00e3o vem com lan\u00e7amentos autom\u00e1ticos de funcionalidades. Para mant\u00ea-la atualizada, \u00e9 necess\u00e1rio reinstal\u00e1-la manualmente.<\/p>\n<h3>Como processar levantamentos atrav\u00e9s da aplica\u00e7\u00e3o?<\/h3>\n<p>Os levantamentos de pr\u00e9mios na BDM Bet s\u00e3o muito f\u00e1ceis. Basta iniciar sess\u00e3o na sua conta, navegar at\u00e9 Levantamentos e selecionar o modo de pagamento. Em seguida, insira o valor pretendido e confirme a transa\u00e7\u00e3o. O tempo total de processamento depende da abordagem utilizada. Todas as transa\u00e7\u00f5es realizadas atrav\u00e9s da aplica\u00e7\u00e3o BDMBet s\u00e3o protegidas com tecnologia de encripta\u00e7\u00e3o avan\u00e7ada.<\/p>\n<\/div><\/div><\/p>\n<p>&nbsp;<\/p>\n","protected":false},"excerpt":{"rendered":"<p>Aplica\u00e7\u00e3o BDMBet A aplica\u00e7\u00e3o BDMBet d\u00e1-lhe acesso a mais de 6.000 das melhores slots e jogos de casino ao vivo diretamente a partir do seu dispositivo m\u00f3vel. Tem uma interface simples de navegar com v\u00e1rias funcionalidades \u00fateis. Por exemplo, gra\u00e7as aos alertas push integrados, nunca perder\u00e1 uma \u00fanica campanha promocional e estar\u00e1 sempre a tempo [&hellip;]<\/p>\n","protected":false},"author":1,"featured_media":0,"parent":0,"menu_order":0,"comment_status":"closed","ping_status":"closed","template":"template-builder.php","meta":{"_acf_changed":false,"inline_featured_image":false,"footnotes":""},"class_list":["post-1876","page","type-page","status-publish","hentry"],"acf":[],"yoast_head":"<!-- This site is optimized with the Yoast SEO plugin v24.4 - https:\/\/yoast.com\/wordpress\/plugins\/seo\/ -->\n<title>BDMBet Casino App | Casino M\u00f3vel Portugal | B\u00f3nus de 1.500\u20ac + 250 Rodadas Gr\u00e1tis<\/title>\n<meta name=\"description\" content=\"Descarrega a BDMBet Casino App para iOS e Android. Joga a mais de 6.000 slots, p\u00f3quer, blackjack e casino ao vivo com dealers. Recebe 1.500\u20ac + 250 Rodadas Gr\u00e1tis, apoio 24\/7 e pagamentos r\u00e1pidos.\" \/>\n<meta name=\"robots\" content=\"index, follow, max-snippet:-1, max-image-preview:large, max-video-preview:-1\" \/>\n<link rel=\"canonical\" href=\"https:\/\/thebdmbet.com\/pt-pt\/aplicacao\/\" \/>\n<meta property=\"og:locale\" content=\"pt_PT\" \/>\n<meta property=\"og:type\" content=\"article\" \/>\n<meta property=\"og:title\" content=\"BDMBet Casino App | Casino M\u00f3vel Portugal | B\u00f3nus de 1.500\u20ac + 250 Rodadas Gr\u00e1tis\" \/>\n<meta property=\"og:description\" content=\"Descarrega a BDMBet Casino App para iOS e Android. Joga a mais de 6.000 slots, p\u00f3quer, blackjack e casino ao vivo com dealers. Recebe 1.500\u20ac + 250 Rodadas Gr\u00e1tis, apoio 24\/7 e pagamentos r\u00e1pidos.\" \/>\n<meta property=\"og:url\" content=\"https:\/\/thebdmbet.com\/pt-pt\/aplicacao\/\" \/>\n<meta property=\"og:site_name\" content=\"BetOnRed\" \/>\n<meta property=\"article:modified_time\" content=\"2026-01-23T15:18:02+00:00\" \/>\n<meta property=\"og:image\" content=\"https:\/\/thebdmbet.com\/wp-content\/uploads\/2025\/04\/M90imuK0joEUc3BIbvIR.png\" \/>\n<meta name=\"twitter:card\" content=\"summary_large_image\" \/>\n<meta name=\"twitter:label1\" content=\"Est. reading time\" \/>\n\t<meta name=\"twitter:data1\" content=\"2 minutes\" \/>\n<script type=\"application\/ld+json\" class=\"yoast-schema-graph\">{\"@context\":\"https:\/\/schema.org\",\"@graph\":[{\"@type\":\"WebPage\",\"@id\":\"https:\/\/thebdmbet.com\/pt-pt\/aplicacao\/\",\"url\":\"https:\/\/thebdmbet.com\/pt-pt\/aplicacao\/\",\"name\":\"BDMBet Casino App | Casino M\u00f3vel Portugal | B\u00f3nus de 1.500\u20ac + 250 Rodadas Gr\u00e1tis\",\"isPartOf\":{\"@id\":\"https:\/\/thebdmbet.com\/pt-pt\/#website\"},\"primaryImageOfPage\":{\"@id\":\"https:\/\/thebdmbet.com\/pt-pt\/aplicacao\/#primaryimage\"},\"image\":{\"@id\":\"https:\/\/thebdmbet.com\/pt-pt\/aplicacao\/#primaryimage\"},\"thumbnailUrl\":\"https:\/\/thebdmbet.com\/wp-content\/uploads\/2025\/04\/M90imuK0joEUc3BIbvIR.png\",\"datePublished\":\"2024-10-27T13:48:15+00:00\",\"dateModified\":\"2026-01-23T15:18:02+00:00\",\"description\":\"Descarrega a BDMBet Casino App para iOS e Android. Joga a mais de 6.000 slots, p\u00f3quer, blackjack e casino ao vivo com dealers. Recebe 1.500\u20ac + 250 Rodadas Gr\u00e1tis, apoio 24\/7 e pagamentos r\u00e1pidos.\",\"breadcrumb\":{\"@id\":\"https:\/\/thebdmbet.com\/pt-pt\/aplicacao\/#breadcrumb\"},\"inLanguage\":\"pt-PT\",\"potentialAction\":[{\"@type\":\"ReadAction\",\"target\":[\"https:\/\/thebdmbet.com\/pt-pt\/aplicacao\/\"]}]},{\"@type\":\"ImageObject\",\"inLanguage\":\"pt-PT\",\"@id\":\"https:\/\/thebdmbet.com\/pt-pt\/aplicacao\/#primaryimage\",\"url\":\"https:\/\/thebdmbet.com\/wp-content\/uploads\/2025\/04\/M90imuK0joEUc3BIbvIR.png\",\"contentUrl\":\"https:\/\/thebdmbet.com\/wp-content\/uploads\/2025\/04\/M90imuK0joEUc3BIbvIR.png\"},{\"@type\":\"BreadcrumbList\",\"@id\":\"https:\/\/thebdmbet.com\/pt-pt\/aplicacao\/#breadcrumb\",\"itemListElement\":[{\"@type\":\"ListItem\",\"position\":1,\"name\":\"Bdmbet\",\"item\":\"https:\/\/thebdmbet.com\/pt-pt\/\"},{\"@type\":\"ListItem\",\"position\":2,\"name\":\"Aplica\u00e7\u00e3o\"}]},{\"@type\":\"WebSite\",\"@id\":\"https:\/\/thebdmbet.com\/pt-pt\/#website\",\"url\":\"https:\/\/thebdmbet.com\/pt-pt\/\",\"name\":\"Bdmbet\",\"description\":\"\",\"publisher\":{\"@id\":\"https:\/\/thebdmbet.com\/pt-pt\/#organization\"},\"potentialAction\":[{\"@type\":\"SearchAction\",\"target\":{\"@type\":\"EntryPoint\",\"urlTemplate\":\"https:\/\/thebdmbet.com\/pt-pt\/?s={search_term_string}\"},\"query-input\":{\"@type\":\"PropertyValueSpecification\",\"valueRequired\":true,\"valueName\":\"search_term_string\"}}],\"inLanguage\":\"pt-PT\"},{\"@type\":\"Organization\",\"@id\":\"https:\/\/thebdmbet.com\/pt-pt\/#organization\",\"name\":\"Bdmbet\",\"url\":\"https:\/\/thebdmbet.com\/pt-pt\/\",\"logo\":{\"@type\":\"ImageObject\",\"inLanguage\":\"pt-PT\",\"@id\":\"https:\/\/thebdmbet.com\/pt-pt\/#\/schema\/logo\/image\/\",\"url\":\"https:\/\/thebdmbet.com\/wp-content\/uploads\/2026\/01\/Logo-Tabs.svg\",\"contentUrl\":\"https:\/\/thebdmbet.com\/wp-content\/uploads\/2026\/01\/Logo-Tabs.svg\",\"width\":104,\"height\":20,\"caption\":\"Bdmbet\"},\"image\":{\"@id\":\"https:\/\/thebdmbet.com\/pt-pt\/#\/schema\/logo\/image\/\"}}]}<\/script>\n<!-- \/ Yoast SEO plugin. -->","yoast_head_json":{"title":"BDMBet Casino App | Casino M\u00f3vel Portugal | B\u00f3nus de 1.500\u20ac + 250 Rodadas Gr\u00e1tis","description":"Descarrega a BDMBet Casino App para iOS e Android. Joga a mais de 6.000 slots, p\u00f3quer, blackjack e casino ao vivo com dealers. Recebe 1.500\u20ac + 250 Rodadas Gr\u00e1tis, apoio 24\/7 e pagamentos r\u00e1pidos.","robots":{"index":"index","follow":"follow","max-snippet":"max-snippet:-1","max-image-preview":"max-image-preview:large","max-video-preview":"max-video-preview:-1"},"canonical":"https:\/\/thebdmbet.com\/pt-pt\/aplicacao\/","og_locale":"pt_PT","og_type":"article","og_title":"BDMBet Casino App | Casino M\u00f3vel Portugal | B\u00f3nus de 1.500\u20ac + 250 Rodadas Gr\u00e1tis","og_description":"Descarrega a BDMBet Casino App para iOS e Android. Joga a mais de 6.000 slots, p\u00f3quer, blackjack e casino ao vivo com dealers. Recebe 1.500\u20ac + 250 Rodadas Gr\u00e1tis, apoio 24\/7 e pagamentos r\u00e1pidos.","og_url":"https:\/\/thebdmbet.com\/pt-pt\/aplicacao\/","og_site_name":"BetOnRed","article_modified_time":"2026-01-23T15:18:02+00:00","og_image":[{"url":"https:\/\/thebdmbet.com\/wp-content\/uploads\/2025\/04\/M90imuK0joEUc3BIbvIR.png","type":"","width":"","height":""}],"twitter_card":"summary_large_image","twitter_misc":{"Est. reading time":"2 minutes"},"schema":{"@context":"https:\/\/schema.org","@graph":[{"@type":"WebPage","@id":"https:\/\/thebdmbet.com\/pt-pt\/aplicacao\/","url":"https:\/\/thebdmbet.com\/pt-pt\/aplicacao\/","name":"BDMBet Casino App | Casino M\u00f3vel Portugal | B\u00f3nus de 1.500\u20ac + 250 Rodadas Gr\u00e1tis","isPartOf":{"@id":"https:\/\/thebdmbet.com\/pt-pt\/#website"},"primaryImageOfPage":{"@id":"https:\/\/thebdmbet.com\/pt-pt\/aplicacao\/#primaryimage"},"image":{"@id":"https:\/\/thebdmbet.com\/pt-pt\/aplicacao\/#primaryimage"},"thumbnailUrl":"https:\/\/thebdmbet.com\/wp-content\/uploads\/2025\/04\/M90imuK0joEUc3BIbvIR.png","datePublished":"2024-10-27T13:48:15+00:00","dateModified":"2026-01-23T15:18:02+00:00","description":"Descarrega a BDMBet Casino App para iOS e Android. Joga a mais de 6.000 slots, p\u00f3quer, blackjack e casino ao vivo com dealers. Recebe 1.500\u20ac + 250 Rodadas Gr\u00e1tis, apoio 24\/7 e pagamentos r\u00e1pidos.","breadcrumb":{"@id":"https:\/\/thebdmbet.com\/pt-pt\/aplicacao\/#breadcrumb"},"inLanguage":"pt-PT","potentialAction":[{"@type":"ReadAction","target":["https:\/\/thebdmbet.com\/pt-pt\/aplicacao\/"]}]},{"@type":"ImageObject","inLanguage":"pt-PT","@id":"https:\/\/thebdmbet.com\/pt-pt\/aplicacao\/#primaryimage","url":"https:\/\/thebdmbet.com\/wp-content\/uploads\/2025\/04\/M90imuK0joEUc3BIbvIR.png","contentUrl":"https:\/\/thebdmbet.com\/wp-content\/uploads\/2025\/04\/M90imuK0joEUc3BIbvIR.png"},{"@type":"BreadcrumbList","@id":"https:\/\/thebdmbet.com\/pt-pt\/aplicacao\/#breadcrumb","itemListElement":[{"@type":"ListItem","position":1,"name":"Bdmbet","item":"https:\/\/thebdmbet.com\/pt-pt\/"},{"@type":"ListItem","position":2,"name":"Aplica\u00e7\u00e3o"}]},{"@type":"WebSite","@id":"https:\/\/thebdmbet.com\/pt-pt\/#website","url":"https:\/\/thebdmbet.com\/pt-pt\/","name":"Bdmbet","description":"","publisher":{"@id":"https:\/\/thebdmbet.com\/pt-pt\/#organization"},"potentialAction":[{"@type":"SearchAction","target":{"@type":"EntryPoint","urlTemplate":"https:\/\/thebdmbet.com\/pt-pt\/?s={search_term_string}"},"query-input":{"@type":"PropertyValueSpecification","valueRequired":true,"valueName":"search_term_string"}}],"inLanguage":"pt-PT"},{"@type":"Organization","@id":"https:\/\/thebdmbet.com\/pt-pt\/#organization","name":"Bdmbet","url":"https:\/\/thebdmbet.com\/pt-pt\/","logo":{"@type":"ImageObject","inLanguage":"pt-PT","@id":"https:\/\/thebdmbet.com\/pt-pt\/#\/schema\/logo\/image\/","url":"https:\/\/thebdmbet.com\/wp-content\/uploads\/2026\/01\/Logo-Tabs.svg","contentUrl":"https:\/\/thebdmbet.com\/wp-content\/uploads\/2026\/01\/Logo-Tabs.svg","width":104,"height":20,"caption":"Bdmbet"},"image":{"@id":"https:\/\/thebdmbet.com\/pt-pt\/#\/schema\/logo\/image\/"}}]}},"_links":{"self":[{"href":"https:\/\/thebdmbet.com\/pt-pt\/wp-json\/wp\/v2\/pages\/1876","targetHints":{"allow":["GET"]}}],"collection":[{"href":"https:\/\/thebdmbet.com\/pt-pt\/wp-json\/wp\/v2\/pages"}],"about":[{"href":"https:\/\/thebdmbet.com\/pt-pt\/wp-json\/wp\/v2\/types\/page"}],"author":[{"embeddable":true,"href":"https:\/\/thebdmbet.com\/pt-pt\/wp-json\/wp\/v2\/users\/1"}],"replies":[{"embeddable":true,"href":"https:\/\/thebdmbet.com\/pt-pt\/wp-json\/wp\/v2\/comments?post=1876"}],"version-history":[{"count":2,"href":"https:\/\/thebdmbet.com\/pt-pt\/wp-json\/wp\/v2\/pages\/1876\/revisions"}],"predecessor-version":[{"id":1879,"href":"https:\/\/thebdmbet.com\/pt-pt\/wp-json\/wp\/v2\/pages\/1876\/revisions\/1879"}],"wp:attachment":[{"href":"https:\/\/thebdmbet.com\/pt-pt\/wp-json\/wp\/v2\/media?parent=1876"}],"curies":[{"name":"wp","href":"https:\/\/api.w.org\/{rel}","templated":true}]}}