{"id":1859,"date":"2024-10-27T13:48:15","date_gmt":"2024-10-27T13:48:15","guid":{"rendered":"https:\/\/thebdmbet.com\/app\/"},"modified":"2026-01-21T12:11:00","modified_gmt":"2026-01-21T12:11:00","slug":"app","status":"publish","type":"page","link":"https:\/\/thebdmbet.com\/es\/app\/","title":{"rendered":"App"},"content":{"rendered":"<h1>BDMBet App<\/h1>\n<p>La BDMBet App te da acceso a m\u00e1s de 6.000 de las mejores tragamonedas y juegos de casino en vivo directamente desde tu dispositivo m\u00f3vil. Cuenta con una interfaz f\u00e1cil de navegar y un mont\u00f3n de funciones \u00fatiles. Por ejemplo, gracias a las alertas push integradas, nunca te perder\u00e1s una sola campa\u00f1a promocional y siempre llegar\u00e1s a tiempo para ganar grandes premios.<\/p>\n<p>Al igual que nuestro sitio web, la BDMBet Casino App est\u00e1 dise\u00f1ada de acuerdo con los m\u00e1s altos est\u00e1ndares de seguridad de datos. Durante su desarrollo, hemos implementado tecnolog\u00eda de encriptaci\u00f3n de alta gama que protege la informaci\u00f3n y las transacciones de los usuarios.<\/p>\n<p>La aplicaci\u00f3n BDM Bet App se puede descargar de forma totalmente gratuita. Instalarla en tu dispositivo significa obtener el acceso m\u00e1s f\u00e1cil posible a una experiencia de juego online diversificada, con atractivos bonos y un sistema de atenci\u00f3n al cliente fiable, sin importar d\u00f3nde te encuentres.<\/p>\n<p><span style=\"font-size: 16px\"><div class=\"banner-wrap\" aria-label=\"Banner\"><img src=\"https:\/\/thebdmbet.com\/wp-content\/uploads\/2025\/01\/Banner-Desktop.png\" class=\"w-100 d-none d-lg-block img-pc main-banner-img\" alt=\"Banner &#8211; Desktop\" fetchpriority=\"high\" decoding=\"async\"><img src=\"https:\/\/thebdmbet.com\/wp-content\/uploads\/2025\/01\/Banner-Mobile.png\" class=\"w-100 d-none d-md-block d-lg-none main-banner-img\" alt=\"Banner &#8211; Mobile\" fetchpriority=\"high\" decoding=\"async\"><img src=\"https:\/\/thebdmbet.com\/wp-content\/uploads\/2025\/01\/Banner-Mobile.png\" class=\"w-100 d-md-none\" alt=\"Banner &#8211; Mobile\" fetchpriority=\"high\" decoding=\"async\"><div class=\"banner-description\">\n<div class=\"banner-title\">Bonos de bienvenida<\/div>\n<p class=\"banner-header-title\">1.500 \u20ac<\/p>\n<div class=\"banner-header-AdditionalText\">+ 250 tiradas gratis<\/div>\n<button data-item=\"homepage_banner_link\" class=\"goto m-button m-gradient-border m-button--primary m-button--large banner-button btn-orange\">\n            <div class=\"m-button-content\">\n                <span>Reg\u00edstrese ahora<\/span>\n                <span><\/span>\n            <\/div>\n        <\/button>\n<\/div>\n<div class=\"WelcomePack\">\n<p><img loading=\"lazy\" decoding=\"async\" class=\"alignnone size-full wp-image-1840\" src=\"https:\/\/thebdmbet.com\/wp-content\/uploads\/2026\/01\/welcome-crown.png\" alt=\"welcome crown\" width=\"25\" height=\"26\" \/><\/p>\n<div class=\"WelcomePack-Info\">Reembolso semanal de hasta el 25 %<\/div>\n<p><img loading=\"lazy\" decoding=\"async\" class=\"alignnone size-full wp-image-1840\" src=\"https:\/\/thebdmbet.com\/wp-content\/uploads\/2026\/01\/welcome-crown.png\" alt=\"welcome crown\" width=\"25\" height=\"26\" \/><\/p>\n<\/div>\n<\/div><\/span><\/p>\n<h2>Caracter\u00edsticas principales<\/h2>\n<p>La aplicaci\u00f3n BDM Bet cuenta con un incre\u00edble cat\u00e1logo de m\u00e1s de 6.000 juegos, donde puedes elegir entre una gran variedad de tragamonedas, juegos de mesa, opciones de casino en vivo con crupieres reales, apuestas deportivas, etc. Una biblioteca tan amplia permite que todo el mundo encuentre algo que se adapte a sus intereses y necesidades particulares.<\/p>\n<p>Tambi\u00e9n ofrecemos un tentador bono de bienvenida de 1.500 \u20ac + 250 tiradas gratis. Otras promociones incluyen reembolsos regulares, campa\u00f1as de temporada, premios para torneos internacionales y otros incentivos destinados a duplicar tu satisfacci\u00f3n como jugador, d\u00e1ndote m\u00e1s oportunidades de ganar importantes recompensas.<\/p>\n<p><span style=\"font-size: 16px\"><div style=\"clear: both\"><\/div><div class=\"d-flex justify-content-center\"><button data-item=\"decouvrez_link\" data-group=\"website_links\" class=\"goto fw-bold rounded-pill btn btn-orange\" aria-label=\"Descargar la aplicaci\u00f3n BDMBet\" >Descargar la aplicaci\u00f3n BDMBet<\/button><\/div><\/span><\/p>\n<p><div class=\"scrollable-content-wrap my-5\"><div class=\"scrollable-content-inner\"><h2>BDMBet Casino APK (Android)<\/h2>\n<p>Para empezar a utilizar la BDMBet Casino App en tu dispositivo Android, visita nuestro sitio web oficial para asegurarte de que la versi\u00f3n de la aplicaci\u00f3n m\u00f3vil que vas a descargar est\u00e1 actualizada y no es falsa.<\/p>\n<p>El enlace de descarga del archivo APK de BDMBet para Android est\u00e1 disponible en nuestro sitio web. Dado que la aplicaci\u00f3n no est\u00e1 disponible en Google Play Store, es necesario ajustar la configuraci\u00f3n de seguridad de su dispositivo Android para poder instalar aplicaciones de fuentes desconocidas.<\/p>\n<p>A continuaci\u00f3n te explicamos c\u00f3mo hacerlo paso a paso:<\/p>\n<ol>\n<li>Abre Ajustes en tu dispositivo.<\/li>\n<li>Ve a Aplicaciones, haz clic en el men\u00fa de tres puntos situado en la esquina superior derecha de la pantalla y selecciona \u00abAcceso especial\u00bb.<\/li>\n<li>Ve a \u00abInstalar aplicaciones desconocidas\u00bb y, a continuaci\u00f3n, indica qu\u00e9 fuentes se pueden utilizar para instalar aplicaciones desconocidas (por ejemplo, Chrome u otro navegador de tu elecci\u00f3n).<\/li>\n<li>Una vez habilitada esta configuraci\u00f3n, descargue el archivo de la aplicaci\u00f3n m\u00f3vil desde el sitio web de BDMBet y proceda a instalarlo.<\/li>\n<li>Despu\u00e9s, puedes abrir la BDM Bet App en tu dispositivo.<\/li>\n<li>Crea una cuenta (o inicia sesi\u00f3n con una ya existente) y disfruta de cientos de juegos de casino al instante.<\/li>\n<\/ol>\n<p>De esta manera, podr\u00e1s disfrutar de una experiencia de juego online ininterrumpida y segura en tu dispositivo Android en tan solo unos minutos.<\/p>\n<\/div><\/div><br \/>\n<div style=\"clear: both\"><\/div><div class=\"d-flex justify-content-center\"><button data-item=\"decouvrez_link\" data-group=\"website_links\" class=\"goto fw-bold rounded-pill btn btn-orange\" aria-label=\"Descargar la aplicaci\u00f3n BDMBet\" >Descargar la aplicaci\u00f3n BDMBet<\/button><\/div><\/p>\n<p><img loading=\"lazy\" decoding=\"async\" class=\"aligncenter wp-image-1502 size-full\" src=\"https:\/\/thebdmbet.com\/wp-content\/uploads\/2025\/04\/M90imuK0joEUc3BIbvIR.png\" alt=\"\" width=\"1248\" height=\"536\" srcset=\"https:\/\/thebdmbet.com\/wp-content\/uploads\/2025\/04\/M90imuK0joEUc3BIbvIR.png 1248w, https:\/\/thebdmbet.com\/wp-content\/uploads\/2025\/04\/M90imuK0joEUc3BIbvIR-300x129.png 300w, https:\/\/thebdmbet.com\/wp-content\/uploads\/2025\/04\/M90imuK0joEUc3BIbvIR-1024x440.png 1024w, https:\/\/thebdmbet.com\/wp-content\/uploads\/2025\/04\/M90imuK0joEUc3BIbvIR-768x330.png 768w\" sizes=\"auto, (max-width: 1248px) 100vw, 1248px\" \/><br \/>\n<div class=\"scrollable-content-wrap my-5\"><div class=\"scrollable-content-inner\"><h2>BDMBet Casino App para tu dispositivo iOS<\/h2>\n<p>Para acceder a la BDMBet Casino App en dispositivos iOS como iPhone o iPad, solo tienes que seguir estos sencillos pasos:<\/p>\n<ol>\n<li>Descargue el archivo de la aplicaci\u00f3n m\u00f3vil desde el sitio web oficial de BDMBet.<\/li>\n<li>Ve a la carpeta de descargas y localiza el archivo para iniciar el proceso de ejecuci\u00f3n.<\/li>\n<li>Una vez completada la instalaci\u00f3n, abre la aplicaci\u00f3n e inicia sesi\u00f3n con las credenciales de tu cuenta.<\/li>\n<li>Si tu dispositivo iOS no te permite descargar aplicaciones de fuentes desconocidas, modifica la configuraci\u00f3n de seguridad para evitar la restricci\u00f3n.<\/li>\n<\/ol>\n<p>Y eso es todo: ahora puedes disfrutar de una experiencia de juego fluida con una amplia selecci\u00f3n de juegos de casino de BDMBet directamente en tu dispositivo iOS.<\/p>\n<\/div><\/div><br \/>\n<div style=\"clear: both\"><\/div><div class=\"d-flex justify-content-center\"><button data-item=\"decouvrez_link\" data-group=\"website_links\" class=\"goto fw-bold rounded-pill btn btn-orange\" aria-label=\"Descargar la aplicaci\u00f3n BDMBet\" >Descargar la aplicaci\u00f3n BDMBet<\/button><\/div><br \/>\n<div class=\"scrollable-content-wrap my-5\"><div class=\"scrollable-content-inner\"><h2>BDMBet Casino App para Windows\/macOS<\/h2>\n<p>La mejor manera de disfrutar de BDM Bet Casino en Windows o macOS es a trav\u00e9s de la versi\u00f3n para navegador de nuestro sitio web. En otras palabras, no es necesario instalar ning\u00fan programa en tu dispositivo, sino que simplemente puedes iniciar sesi\u00f3n en tu cuenta BDMBet a trav\u00e9s de una aplicaci\u00f3n web (por ejemplo, Chrome) y disfrutar de todas las funciones que tenemos disponibles all\u00ed.<\/p>\n<p>Independientemente de lo que elijas (la versi\u00f3n para navegador, la aplicaci\u00f3n m\u00f3vil o un navegador m\u00f3vil), BDMBet Casino te garantiza acceso de por vida a tus juegos de casino favoritos y una experiencia de juego de primera categor\u00eda.<\/p>\n<table>\n<tbody>\n<tr>\n<td>Caracter\u00edstica<\/td>\n<td>Versi\u00f3n para ordenador<\/td>\n<td>Aplicaci\u00f3n m\u00f3vil<\/td>\n<\/tr>\n<tr>\n<td>Selecci\u00f3n de juegos<\/td>\n<td>M\u00e1s de 6.000 art\u00edculos en el cat\u00e1logo.<\/p>\n<p>La biblioteca se actualiza constantemente.<\/td>\n<td>La biblioteca est\u00e1 optimizada para una mejor experiencia m\u00f3vil.<\/p>\n<p>Es necesario realizar actualizaciones manuales para acceder a los nuevos juegos destacados.<\/td>\n<\/tr>\n<tr>\n<td>Casino en vivo<\/td>\n<td>Transmisi\u00f3n en directo en una gran pantalla de ordenador.<\/td>\n<td>Adaptado a pantallas m\u00e1s peque\u00f1as + controles t\u00e1ctiles integrados.<\/td>\n<\/tr>\n<tr>\n<td>Bonificaciones y promociones<\/td>\n<td>Accede a todos los bonos disponibles a trav\u00e9s de tu cuenta del casino.<\/td>\n<td>Alertas push adicionales sobre nuevas promociones y torneos.<\/td>\n<\/tr>\n<tr>\n<td>Actualizaciones<\/td>\n<td>Actualizado autom\u00e1ticamente.<\/td>\n<td>Debe reinstalar la aplicaci\u00f3n BDM Bet para mantenerla actualizada.<\/td>\n<\/tr>\n<tr>\n<td>Pagos<\/td>\n<td>Todos los m\u00e9todos de dep\u00f3sito y retirada est\u00e1n disponibles.<\/td>\n<td>Los mismos m\u00e9todos, pero con un acceso y unas transacciones m\u00e1s r\u00e1pidos.<\/td>\n<\/tr>\n<tr>\n<td>Interfaz de usuario<\/td>\n<td>Compatible con una amplia gama de dispositivos.<\/p>\n<p>Accesible al instante desde la web.<\/td>\n<td>Adaptado a pantallas m\u00f3viles.<\/p>\n<p>Equipado con controles t\u00e1ctiles para facilitar el juego.<\/p>\n<p>Tiempos de carga m\u00e1s r\u00e1pidos.<\/p>\n<p>Integraci\u00f3n profunda del dispositivo (es decir, notificaciones, sincronizaci\u00f3n con aplicaciones de pago, etc.).<\/td>\n<\/tr>\n<\/tbody>\n<\/table>\n<\/div><\/div><br \/>\n<div style=\"clear: both\"><\/div><div class=\"d-flex justify-content-center\"><button data-item=\"decouvrez_link\" data-group=\"website_links\" class=\"goto fw-bold rounded-pill btn btn-orange\" aria-label=\"Descargar la aplicaci\u00f3n BDMBet\" >Descargar la aplicaci\u00f3n BDMBet<\/button><\/div><br \/>\n<div class=\"scrollable-content-wrap my-5\"><div class=\"scrollable-content-inner\"><h2>Preguntas frecuentes<\/h2>\n<h3>\u00bfLa aplicaci\u00f3n BDM Bet Casino cuenta con servicios de atenci\u00f3n al cliente?<\/h3>\n<p>S\u00ed, puede ponerse en contacto con BDM Bet Casino a trav\u00e9s de la aplicaci\u00f3n m\u00f3vil o de la p\u00e1gina web. Puede contactarnos a trav\u00e9s del chat en vivo para obtener la soluci\u00f3n m\u00e1s r\u00e1pida a su problema (le respondemos en menos de 2 minutos). Otra opci\u00f3n es enviarnos un correo electr\u00f3nico: nuestros especialistas de atenci\u00f3n al cliente suelen responder en un plazo de 24 horas.<\/p>\n<h3>\u00bfExiste alguna aplicaci\u00f3n de BDMBet Casino para Windows y macOS?<\/h3>\n<p>Los usuarios de Windows y macOS pueden acceder a BDMBet Casino a trav\u00e9s de cualquier aplicaci\u00f3n web instalada en su escritorio (por ejemplo, Chrome, Firefox, etc.). Tambi\u00e9n disponemos de una aplicaci\u00f3n descargable para dispositivos m\u00f3viles.<\/p>\n<h3>\u00bfBDM Bet Casino tiene requisitos para abrir una cuenta?<\/h3>\n<p>S\u00ed, debes completar el proceso de registro para disfrutar de toda la experiencia de BDM Bet. Despu\u00e9s de registrar tu cuenta, podr\u00e1s realizar dep\u00f3sitos, utilizar las promociones ofrecidas y ver tu historial personal de apuestas. El registro no es complicado: solo tienes que proporcionar los datos personales m\u00ednimos para identificarte y garantizar la seguridad de las operaciones legales.<\/p>\n<h3>\u00bfHay un casino en vivo en la BDMBet Casino App?<\/h3>\n<p>La aplicaci\u00f3n BDMBet Casino cuenta con todas tus mesas favoritas con crupier en vivo, con blackjack, ruleta, p\u00f3quer, baccarat y mucho m\u00e1s. Los juegos se juegan en vivo, lo que les confiere la sensaci\u00f3n realista de un aut\u00e9ntico casino f\u00edsico. La aplicaci\u00f3n m\u00f3vil tiene una interfaz sencilla que se adapta perfectamente a las pantallas m\u00e1s peque\u00f1as. Te permite unirte a mesas en vivo y comunicarte c\u00f3modamente con crupieres profesionales.<\/p>\n<h3>\u00bfLa aplicaci\u00f3n es compatible con todos los juegos?<\/h3>\n<p>La mayor\u00eda de los juegos de BDM Bet Casino est\u00e1n disponibles a trav\u00e9s de la aplicaci\u00f3n: tragamonedas, mesas, crupieres en vivo, etc. Sin embargo, algunas funciones poco comunes o nuevas solo se pueden utilizar en el sitio web para ordenadores. Hacemos todo lo posible por desarrollar y actualizar nuestra aplicaci\u00f3n m\u00f3vil de forma regular con el fin de aumentar el n\u00famero de juegos ofrecidos y mejorar la experiencia del usuario en todo tipo de dispositivos.<\/p>\n<h3>\u00bfC\u00f3mo actualizar la BDM Bet Casino App?<\/h3>\n<p>A diferencia de la versi\u00f3n para navegador de nuestro sitio web, la aplicaci\u00f3n m\u00f3vil no incluye actualizaciones autom\u00e1ticas de funciones. Para mantenerla actualizada, es necesario reinstalarla manualmente.<\/p>\n<h3>\u00bfC\u00f3mo procesar retiros de efectivo a trav\u00e9s de la aplicaci\u00f3n?<\/h3>\n<p>Retirar recompensas en BDM Bet es muy f\u00e1cil. Solo tienes que iniciar sesi\u00f3n en tu cuenta, ir a \u00abRetiros\u00bb y seleccionar el m\u00e9todo de pago. A continuaci\u00f3n, introduce la cantidad deseada y verifica la transacci\u00f3n. El tiempo total de procesamiento depende del m\u00e9todo elegido. Todas las transacciones que se realizan a trav\u00e9s de la aplicaci\u00f3n BDMBet est\u00e1n protegidas con tecnolog\u00eda de encriptaci\u00f3n avanzada.<\/p>\n<\/div><\/div><\/p>\n","protected":false},"excerpt":{"rendered":"<p>BDMBet App La BDMBet App te da acceso a m\u00e1s de 6.000 de las mejores tragamonedas y juegos de casino en vivo directamente desde tu dispositivo m\u00f3vil. Cuenta con una interfaz f\u00e1cil de navegar y un mont\u00f3n de funciones \u00fatiles. Por ejemplo, gracias a las alertas push integradas, nunca te perder\u00e1s una sola campa\u00f1a promocional [&hellip;]<\/p>\n","protected":false},"author":1,"featured_media":0,"parent":0,"menu_order":0,"comment_status":"closed","ping_status":"closed","template":"template-builder.php","meta":{"_acf_changed":false,"inline_featured_image":false,"footnotes":""},"class_list":["post-1859","page","type-page","status-publish","hentry"],"acf":[],"yoast_head":"<!-- This site is optimized with the Yoast SEO plugin v24.4 - https:\/\/yoast.com\/wordpress\/plugins\/seo\/ -->\n<title>BDMBet Casino App | Casino M\u00f3vil Espa\u00f1a | Bono de 1.500 \u20ac + 250 Tiradas Gratis<\/title>\n<meta name=\"description\" content=\"Descarga la BDMBet Casino App para iOS y Android. Juega a m\u00e1s de 6.000 tragamonedas, p\u00f3ker, blackjack y crupieres en vivo. Obt\u00e9n 1.500 \u20ac + 250 Tiradas Gratis, soporte 24\/7 y pagos r\u00e1pidos.\" \/>\n<meta name=\"robots\" content=\"index, follow, max-snippet:-1, max-image-preview:large, max-video-preview:-1\" \/>\n<link rel=\"canonical\" href=\"https:\/\/thebdmbet.com\/es\/app\/\" \/>\n<meta property=\"og:locale\" content=\"es_ES\" \/>\n<meta property=\"og:type\" content=\"article\" \/>\n<meta property=\"og:title\" content=\"BDMBet Casino App | Casino M\u00f3vil Espa\u00f1a | Bono de 1.500 \u20ac + 250 Tiradas Gratis\" \/>\n<meta property=\"og:description\" content=\"Descarga la BDMBet Casino App para iOS y Android. Juega a m\u00e1s de 6.000 tragamonedas, p\u00f3ker, blackjack y crupieres en vivo. Obt\u00e9n 1.500 \u20ac + 250 Tiradas Gratis, soporte 24\/7 y pagos r\u00e1pidos.\" \/>\n<meta property=\"og:url\" content=\"https:\/\/thebdmbet.com\/es\/app\/\" \/>\n<meta property=\"og:site_name\" content=\"BDMBET Online\" \/>\n<meta property=\"article:modified_time\" content=\"2026-01-21T12:11:00+00:00\" \/>\n<meta property=\"og:image\" content=\"https:\/\/thebdmbet.com\/wp-content\/uploads\/2025\/04\/M90imuK0joEUc3BIbvIR.png\" \/>\n<meta name=\"twitter:card\" content=\"summary_large_image\" \/>\n<meta name=\"twitter:label1\" content=\"Est. reading time\" \/>\n\t<meta name=\"twitter:data1\" content=\"2 minutes\" \/>\n<script type=\"application\/ld+json\" class=\"yoast-schema-graph\">{\"@context\":\"https:\/\/schema.org\",\"@graph\":[{\"@type\":\"WebPage\",\"@id\":\"https:\/\/thebdmbet.com\/es\/app\/\",\"url\":\"https:\/\/thebdmbet.com\/es\/app\/\",\"name\":\"BDMBet Casino App | Casino M\u00f3vil Espa\u00f1a | Bono de 1.500 \u20ac + 250 Tiradas Gratis\",\"isPartOf\":{\"@id\":\"https:\/\/thebdmbet.com\/es\/#website\"},\"primaryImageOfPage\":{\"@id\":\"https:\/\/thebdmbet.com\/es\/app\/#primaryimage\"},\"image\":{\"@id\":\"https:\/\/thebdmbet.com\/es\/app\/#primaryimage\"},\"thumbnailUrl\":\"https:\/\/thebdmbet.com\/wp-content\/uploads\/2025\/04\/M90imuK0joEUc3BIbvIR.png\",\"datePublished\":\"2024-10-27T13:48:15+00:00\",\"dateModified\":\"2026-01-21T12:11:00+00:00\",\"description\":\"Descarga la BDMBet Casino App para iOS y Android. Juega a m\u00e1s de 6.000 tragamonedas, p\u00f3ker, blackjack y crupieres en vivo. Obt\u00e9n 1.500 \u20ac + 250 Tiradas Gratis, soporte 24\/7 y pagos r\u00e1pidos.\",\"breadcrumb\":{\"@id\":\"https:\/\/thebdmbet.com\/es\/app\/#breadcrumb\"},\"inLanguage\":\"es-ES\",\"potentialAction\":[{\"@type\":\"ReadAction\",\"target\":[\"https:\/\/thebdmbet.com\/es\/app\/\"]}]},{\"@type\":\"ImageObject\",\"inLanguage\":\"es-ES\",\"@id\":\"https:\/\/thebdmbet.com\/es\/app\/#primaryimage\",\"url\":\"https:\/\/thebdmbet.com\/wp-content\/uploads\/2025\/04\/M90imuK0joEUc3BIbvIR.png\",\"contentUrl\":\"https:\/\/thebdmbet.com\/wp-content\/uploads\/2025\/04\/M90imuK0joEUc3BIbvIR.png\"},{\"@type\":\"BreadcrumbList\",\"@id\":\"https:\/\/thebdmbet.com\/es\/app\/#breadcrumb\",\"itemListElement\":[{\"@type\":\"ListItem\",\"position\":1,\"name\":\"Bdmbet\",\"item\":\"https:\/\/thebdmbet.com\/es\/\"},{\"@type\":\"ListItem\",\"position\":2,\"name\":\"App\"}]},{\"@type\":\"WebSite\",\"@id\":\"https:\/\/thebdmbet.com\/es\/#website\",\"url\":\"https:\/\/thebdmbet.com\/es\/\",\"name\":\"Bdmbet\",\"description\":\"\",\"publisher\":{\"@id\":\"https:\/\/thebdmbet.com\/es\/#organization\"},\"potentialAction\":[{\"@type\":\"SearchAction\",\"target\":{\"@type\":\"EntryPoint\",\"urlTemplate\":\"https:\/\/thebdmbet.com\/es\/?s={search_term_string}\"},\"query-input\":{\"@type\":\"PropertyValueSpecification\",\"valueRequired\":true,\"valueName\":\"search_term_string\"}}],\"inLanguage\":\"es-ES\"},{\"@type\":\"Organization\",\"@id\":\"https:\/\/thebdmbet.com\/es\/#organization\",\"name\":\"Bdmbet\",\"url\":\"https:\/\/thebdmbet.com\/es\/\",\"logo\":{\"@type\":\"ImageObject\",\"inLanguage\":\"es-ES\",\"@id\":\"https:\/\/thebdmbet.com\/es\/#\/schema\/logo\/image\/\",\"url\":\"https:\/\/thebdmbet.com\/wp-content\/uploads\/2026\/01\/Logo-Tabs.svg\",\"contentUrl\":\"https:\/\/thebdmbet.com\/wp-content\/uploads\/2026\/01\/Logo-Tabs.svg\",\"width\":104,\"height\":20,\"caption\":\"Bdmbet\"},\"image\":{\"@id\":\"https:\/\/thebdmbet.com\/es\/#\/schema\/logo\/image\/\"}}]}<\/script>\n<!-- \/ Yoast SEO plugin. -->","yoast_head_json":{"title":"BDMBet Casino App | Casino M\u00f3vil Espa\u00f1a | Bono de 1.500 \u20ac + 250 Tiradas Gratis","description":"Descarga la BDMBet Casino App para iOS y Android. Juega a m\u00e1s de 6.000 tragamonedas, p\u00f3ker, blackjack y crupieres en vivo. Obt\u00e9n 1.500 \u20ac + 250 Tiradas Gratis, soporte 24\/7 y pagos r\u00e1pidos.","robots":{"index":"index","follow":"follow","max-snippet":"max-snippet:-1","max-image-preview":"max-image-preview:large","max-video-preview":"max-video-preview:-1"},"canonical":"https:\/\/thebdmbet.com\/es\/app\/","og_locale":"es_ES","og_type":"article","og_title":"BDMBet Casino App | Casino M\u00f3vil Espa\u00f1a | Bono de 1.500 \u20ac + 250 Tiradas Gratis","og_description":"Descarga la BDMBet Casino App para iOS y Android. Juega a m\u00e1s de 6.000 tragamonedas, p\u00f3ker, blackjack y crupieres en vivo. Obt\u00e9n 1.500 \u20ac + 250 Tiradas Gratis, soporte 24\/7 y pagos r\u00e1pidos.","og_url":"https:\/\/thebdmbet.com\/es\/app\/","og_site_name":"BDMBET Online","article_modified_time":"2026-01-21T12:11:00+00:00","og_image":[{"url":"https:\/\/thebdmbet.com\/wp-content\/uploads\/2025\/04\/M90imuK0joEUc3BIbvIR.png","type":"","width":"","height":""}],"twitter_card":"summary_large_image","twitter_misc":{"Est. reading time":"2 minutes"},"schema":{"@context":"https:\/\/schema.org","@graph":[{"@type":"WebPage","@id":"https:\/\/thebdmbet.com\/es\/app\/","url":"https:\/\/thebdmbet.com\/es\/app\/","name":"BDMBet Casino App | Casino M\u00f3vil Espa\u00f1a | Bono de 1.500 \u20ac + 250 Tiradas Gratis","isPartOf":{"@id":"https:\/\/thebdmbet.com\/es\/#website"},"primaryImageOfPage":{"@id":"https:\/\/thebdmbet.com\/es\/app\/#primaryimage"},"image":{"@id":"https:\/\/thebdmbet.com\/es\/app\/#primaryimage"},"thumbnailUrl":"https:\/\/thebdmbet.com\/wp-content\/uploads\/2025\/04\/M90imuK0joEUc3BIbvIR.png","datePublished":"2024-10-27T13:48:15+00:00","dateModified":"2026-01-21T12:11:00+00:00","description":"Descarga la BDMBet Casino App para iOS y Android. Juega a m\u00e1s de 6.000 tragamonedas, p\u00f3ker, blackjack y crupieres en vivo. Obt\u00e9n 1.500 \u20ac + 250 Tiradas Gratis, soporte 24\/7 y pagos r\u00e1pidos.","breadcrumb":{"@id":"https:\/\/thebdmbet.com\/es\/app\/#breadcrumb"},"inLanguage":"es-ES","potentialAction":[{"@type":"ReadAction","target":["https:\/\/thebdmbet.com\/es\/app\/"]}]},{"@type":"ImageObject","inLanguage":"es-ES","@id":"https:\/\/thebdmbet.com\/es\/app\/#primaryimage","url":"https:\/\/thebdmbet.com\/wp-content\/uploads\/2025\/04\/M90imuK0joEUc3BIbvIR.png","contentUrl":"https:\/\/thebdmbet.com\/wp-content\/uploads\/2025\/04\/M90imuK0joEUc3BIbvIR.png"},{"@type":"BreadcrumbList","@id":"https:\/\/thebdmbet.com\/es\/app\/#breadcrumb","itemListElement":[{"@type":"ListItem","position":1,"name":"Bdmbet","item":"https:\/\/thebdmbet.com\/es\/"},{"@type":"ListItem","position":2,"name":"App"}]},{"@type":"WebSite","@id":"https:\/\/thebdmbet.com\/es\/#website","url":"https:\/\/thebdmbet.com\/es\/","name":"Bdmbet","description":"","publisher":{"@id":"https:\/\/thebdmbet.com\/es\/#organization"},"potentialAction":[{"@type":"SearchAction","target":{"@type":"EntryPoint","urlTemplate":"https:\/\/thebdmbet.com\/es\/?s={search_term_string}"},"query-input":{"@type":"PropertyValueSpecification","valueRequired":true,"valueName":"search_term_string"}}],"inLanguage":"es-ES"},{"@type":"Organization","@id":"https:\/\/thebdmbet.com\/es\/#organization","name":"Bdmbet","url":"https:\/\/thebdmbet.com\/es\/","logo":{"@type":"ImageObject","inLanguage":"es-ES","@id":"https:\/\/thebdmbet.com\/es\/#\/schema\/logo\/image\/","url":"https:\/\/thebdmbet.com\/wp-content\/uploads\/2026\/01\/Logo-Tabs.svg","contentUrl":"https:\/\/thebdmbet.com\/wp-content\/uploads\/2026\/01\/Logo-Tabs.svg","width":104,"height":20,"caption":"Bdmbet"},"image":{"@id":"https:\/\/thebdmbet.com\/es\/#\/schema\/logo\/image\/"}}]}},"_links":{"self":[{"href":"https:\/\/thebdmbet.com\/es\/wp-json\/wp\/v2\/pages\/1859","targetHints":{"allow":["GET"]}}],"collection":[{"href":"https:\/\/thebdmbet.com\/es\/wp-json\/wp\/v2\/pages"}],"about":[{"href":"https:\/\/thebdmbet.com\/es\/wp-json\/wp\/v2\/types\/page"}],"author":[{"embeddable":true,"href":"https:\/\/thebdmbet.com\/es\/wp-json\/wp\/v2\/users\/1"}],"replies":[{"embeddable":true,"href":"https:\/\/thebdmbet.com\/es\/wp-json\/wp\/v2\/comments?post=1859"}],"version-history":[{"count":2,"href":"https:\/\/thebdmbet.com\/es\/wp-json\/wp\/v2\/pages\/1859\/revisions"}],"predecessor-version":[{"id":1863,"href":"https:\/\/thebdmbet.com\/es\/wp-json\/wp\/v2\/pages\/1859\/revisions\/1863"}],"wp:attachment":[{"href":"https:\/\/thebdmbet.com\/es\/wp-json\/wp\/v2\/media?parent=1859"}],"curies":[{"name":"wp","href":"https:\/\/api.w.org\/{rel}","templated":true}]}}