{"id":1920,"date":"2024-10-27T13:48:15","date_gmt":"2024-10-27T13:48:15","guid":{"rendered":"https:\/\/thebdmbet.com\/app\/"},"modified":"2026-01-26T09:11:58","modified_gmt":"2026-01-26T09:11:58","slug":"app","status":"publish","type":"page","link":"https:\/\/thebdmbet.com\/de\/app\/","title":{"rendered":"App"},"content":{"rendered":"<h1>BDMBet App<\/h1>\n<p>Mit der BDMBet App haben Sie direkt von Ihrem Mobilger\u00e4t aus Zugriff auf \u00fcber 6.000 der besten Slots und Live-Casino-Spiele. Die App verf\u00fcgt \u00fcber eine einfach zu bedienende Benutzeroberfl\u00e4che mit einer Reihe praktischer Funktionen. Dank der integrierten Push-Benachrichtigungen verpassen Sie beispielsweise keine einzige Werbeaktion mehr und sind immer rechtzeitig dabei, um gro\u00dfe Preise zu gewinnen.<\/p>\n<p>Genau wie unsere Website wurde auch die BDMBet Casino App nach den h\u00f6chsten Standards der Datensicherheit entwickelt. Bei der Entwicklung haben wir eine hochmoderne Verschl\u00fcsselungstechnologie implementiert, die die Daten und Transaktionen der Nutzer sch\u00fctzt.<\/p>\n<p>Die BDM Bet App kann v\u00f6llig kostenlos heruntergeladen werden. Wenn Sie sie auf Ihrem Ger\u00e4t installieren, erhalten Sie den einfachsten Zugang zu einem vielf\u00e4ltigen Online-Gl\u00fccksspielerlebnis mit attraktiven Boni und einem zuverl\u00e4ssigen Kundensupport-System \u2013 egal, wo Sie sich gerade befinden.<\/p>\n<p><span style=\"font-size: 16px\"><div class=\"banner-wrap\" aria-label=\"Banner\"><img src=\"https:\/\/thebdmbet.com\/wp-content\/uploads\/2025\/01\/Banner-Desktop.png\" class=\"w-100 d-none d-lg-block img-pc main-banner-img\" alt=\"Banner &#8211; Desktop\" fetchpriority=\"high\" decoding=\"async\"><img src=\"https:\/\/thebdmbet.com\/wp-content\/uploads\/2025\/01\/Banner-Mobile.png\" class=\"w-100 d-none d-md-block d-lg-none main-banner-img\" alt=\"Banner &#8211; Mobile\" fetchpriority=\"high\" decoding=\"async\"><img src=\"https:\/\/thebdmbet.com\/wp-content\/uploads\/2025\/01\/Banner-Mobile.png\" class=\"w-100 d-md-none\" alt=\"Banner &#8211; Mobile\" fetchpriority=\"high\" decoding=\"async\"><div class=\"banner-description\">\n<div class=\"banner-title\">Willkommensboni<\/div>\n<p class=\"banner-header-title\">\u20ac1500<\/p>\n<div class=\"banner-header-AdditionalText\">+250 Freispiele<\/div>\n<p>&nbsp;<\/p>\n<div class=\"m-button-content\"><button data-item=\"homepage_banner_link\" class=\"goto m-button m-gradient-border m-button--primary m-button--large banner-button btn-orange\">\n            <div class=\"m-button-content\">\n                <span>Jetzt registrieren<\/span>\n                <span><\/span>\n            <\/div>\n        <\/button><\/div>\n<p>&nbsp;<\/p>\n<\/div>\n<div class=\"WelcomePack\">\n<p><img loading=\"lazy\" decoding=\"async\" class=\"alignnone size-full wp-image-1842\" src=\"https:\/\/thebdmbet.com\/wp-content\/uploads\/2026\/01\/welcome-crown.png\" alt=\"welcome crown\" width=\"25\" height=\"26\" \/><\/p>\n<div class=\"WelcomePack-Info\">W\u00f6chentliches Cashback bis zu 25 %<\/div>\n<p><img loading=\"lazy\" decoding=\"async\" class=\"alignnone size-full wp-image-1842\" src=\"https:\/\/thebdmbet.com\/wp-content\/uploads\/2026\/01\/welcome-crown.png\" alt=\"welcome crown\" width=\"25\" height=\"26\" \/><\/p>\n<\/div>\n<\/div><\/span><\/p>\n<h2>Wichtigste Merkmale<\/h2>\n<p>Die BDM Bet App verf\u00fcgt \u00fcber einen beeindruckenden Katalog mit mehr als 6.000 Spielen, aus denen Sie zwischen einer Vielzahl von Slots, Tischspielen, Live-Casino-Optionen mit echten Dealern, Sportwetten usw. w\u00e4hlen k\u00f6nnen. Dank dieser riesigen Auswahl findet jeder etwas, das seinen individuellen Interessen und Bed\u00fcrfnissen entspricht.<\/p>\n<p>Wir bieten au\u00dferdem einen verlockenden Willkommensbonus von 1.500 \u20ac + 250 Freispielen. Weitere Aktionen umfassen regelm\u00e4\u00dfige Cashbacks, saisonale Kampagnen, Preise f\u00fcr internationale Turniere und andere Anreize, die Ihre Spielfreude verdoppeln sollen, indem sie Ihnen mehr Chancen auf bedeutende Gewinne bieten.<\/p>\n<p><span style=\"font-size: 16px\"><div style=\"clear: both\"><\/div><div class=\"d-flex justify-content-center\"><button data-item=\"decouvrez_link\" data-group=\"website_links\" class=\"goto fw-bold rounded-pill btn btn-orange\" aria-label=\"BDMBet-App herunterladen\" >BDMBet-App herunterladen<\/button><\/div><\/span><\/p>\n<p><div class=\"scrollable-content-wrap my-5\"><div class=\"scrollable-content-inner\"><h2>BDMBet Casino APK (Android)<\/h2>\n<p>Um die BDMBet Casino App auf Ihrem Android-Ger\u00e4t zu nutzen, besuchen Sie unsere offizielle Website, um sicherzustellen, dass die Version der Mobil-App, die Sie herunterladen m\u00f6chten, aktuell und nicht gef\u00e4lscht ist.<\/p>\n<p>Der Download-Link zur Android BDMBet APK-Datei ist auf unserer Website verf\u00fcgbar. Da die Anwendung nicht im Google Play Store angeboten wird, m\u00fcssen Sie die Sicherheitseinstellungen Ihres Android-Ger\u00e4ts anpassen, um Apps aus unbekannten Quellen installieren zu k\u00f6nnen.<\/p>\n<p>So geht das Schritt f\u00fcr Schritt:<\/p>\n<ol>\n<li>\u00d6ffnen Sie die Einstellungen auf Ihrem Ger\u00e4t.<\/li>\n<li>Gehen Sie zu \u201eApps\u201c, klicken Sie auf das Drei-Punkte-Men\u00fc in der oberen rechten Ecke des Bildschirms und w\u00e4hlen Sie \u201eSpezieller Zugriff\u201c.<\/li>\n<li>Navigieren Sie zu \u201eUnbekannte Apps installieren\u201c und geben Sie dann an, welche Quellen zum Installieren unbekannter Apps verwendet werden k\u00f6nnen (z. B. Chrome oder ein anderer Browser Ihrer Wahl).<\/li>\n<li>Sobald diese Einstellung aktiviert ist, laden Sie die Datei \u201emobile app\u201d von der BDMBet-Website herunter und installieren Sie sie.<\/li>\n<li>Danach k\u00f6nnen Sie die BDM Bet App auf Ihrem Ger\u00e4t \u00f6ffnen.<\/li>\n<li>Erstellen Sie ein Konto (oder melden Sie sich mit einem bereits bestehenden Konto an) und genie\u00dfen Sie sofort Hunderte von Casinospielen.<\/li>\n<\/ol>\n<p>Auf diese Weise k\u00f6nnen Sie innerhalb weniger Minuten ununterbrochen und sicher auf Ihrem Android-Ger\u00e4t online spielen.<\/p>\n<\/div><\/div><br \/>\n<div style=\"clear: both\"><\/div><div class=\"d-flex justify-content-center\"><button data-item=\"decouvrez_link\" data-group=\"website_links\" class=\"goto fw-bold rounded-pill btn btn-orange\" aria-label=\"BDMBet-App herunterladen\" >BDMBet-App herunterladen<\/button><\/div><\/p>\n<p><img loading=\"lazy\" decoding=\"async\" class=\"aligncenter wp-image-1502 size-full\" src=\"https:\/\/thebdmbet.com\/wp-content\/uploads\/2025\/04\/M90imuK0joEUc3BIbvIR.png\" alt=\"BDMBet app\" width=\"1248\" height=\"536\" srcset=\"https:\/\/thebdmbet.com\/wp-content\/uploads\/2025\/04\/M90imuK0joEUc3BIbvIR.png 1248w, https:\/\/thebdmbet.com\/wp-content\/uploads\/2025\/04\/M90imuK0joEUc3BIbvIR-300x129.png 300w, https:\/\/thebdmbet.com\/wp-content\/uploads\/2025\/04\/M90imuK0joEUc3BIbvIR-1024x440.png 1024w, https:\/\/thebdmbet.com\/wp-content\/uploads\/2025\/04\/M90imuK0joEUc3BIbvIR-768x330.png 768w\" sizes=\"auto, (max-width: 1248px) 100vw, 1248px\" \/><br \/>\n<div class=\"scrollable-content-wrap my-5\"><div class=\"scrollable-content-inner\"><h2>BDMBet Casino App f\u00fcr Ihr iOS-Ger\u00e4t<\/h2>\n<p>Um die BDMBet Casino App auf iOS-Ger\u00e4ten wie iPhone oder iPad zu erreichen, folgen Sie einfach denselben einfachen Schritten:<\/p>\n<ol>\n<li>Laden Sie die Datei f\u00fcr die mobile App von der offiziellen BDMBet-Website herunter.<\/li>\n<li>Gehen Sie zum Download-Ordner und suchen Sie die Datei, um den Startvorgang zu starten.<\/li>\n<li>Sobald die Installation abgeschlossen ist, \u00f6ffnen Sie die App und melden Sie sich mit Ihren Kontozugangsdaten an.<\/li>\n<li>Falls Ihr iOS-Ger\u00e4t das Herunterladen von Apps aus unbekannten Quellen nicht zul\u00e4sst, passen Sie Ihre Sicherheitseinstellungen an, um diese Einschr\u00e4nkung zu umgehen.<\/li>\n<\/ol>\n<p>Das war&#8217;s schon \u2013 jetzt k\u00f6nnen Sie ein reibungsloses Spielerlebnis mit einer riesigen Auswahl an Casinospielen von BDMBet direkt auf Ihrem iOS-Ger\u00e4t genie\u00dfen.<\/p>\n<\/div><\/div><br \/>\n<div style=\"clear: both\"><\/div><div class=\"d-flex justify-content-center\"><button data-item=\"decouvrez_link\" data-group=\"website_links\" class=\"goto fw-bold rounded-pill btn btn-orange\" aria-label=\"BDMBet-App herunterladen\" >BDMBet-App herunterladen<\/button><\/div><br \/>\n<div class=\"scrollable-content-wrap my-5\"><div class=\"scrollable-content-inner\"><h2>BDMBet Casino-Anwendung f\u00fcr Windows\/macOS<\/h2>\n<p>Die beste M\u00f6glichkeit, BDM Bet Casino unter Windows oder macOS zu genie\u00dfen, ist die Browser-Version unserer Website. Mit anderen Worten: Sie m\u00fcssen keine Programme auf Ihrem Ger\u00e4t installieren, sondern k\u00f6nnen sich einfach \u00fcber eine Web-App (z. B. Chrome) in Ihr BDMBet-Konto einloggen und alle Funktionen nutzen, die wir dort f\u00fcr Sie bereithalten.<\/p>\n<p>Unabh\u00e4ngig davon, wof\u00fcr Sie sich entscheiden \u2013 die Browser-Version, die mobile Anwendung oder einen mobilen Browser \u2013 BDMBet Casino garantiert Ihnen lebenslangen Zugang zu Ihren Lieblings-Casinospielen und ein erstklassiges Spielerlebnis.<\/p>\n<table>\n<tbody>\n<tr>\n<td>Funktion<\/td>\n<td>Desktop Version<\/td>\n<td>Mobile App<\/td>\n<\/tr>\n<tr>\n<td>Spielauswahl<\/td>\n<td>\u00dcber 6.000 Artikel im Katalog.<\/p>\n<p>Die Bibliothek wird st\u00e4ndig aktualisiert.<\/td>\n<td>Die Bibliothek ist f\u00fcr eine bessere mobile Nutzung optimiert.<\/p>\n<p>Um auf die neuen Spiele zugreifen zu k\u00f6nnen, sind manuelle Updates erforderlich.<\/td>\n<\/tr>\n<tr>\n<td>Live-Casino<\/td>\n<td>Live-Streaming auf einem gro\u00dfen Computerbildschirm.<\/td>\n<td>An kleinere Bildschirme angepasst + integrierte Touch-Steuerung.<\/td>\n<\/tr>\n<tr>\n<td>Boni &amp; Werbeaktionen<\/td>\n<td>Zugriff auf alle verf\u00fcgbaren Boni \u00fcber Ihr Casino-Konto.<\/td>\n<td>Zus\u00e4tzliche Push-Benachrichtigungen zu neuen Aktionen und Turnieren.<\/td>\n<\/tr>\n<tr>\n<td>Aktualisierungen<\/td>\n<td>Wird automatisch aktualisiert.<\/td>\n<td>Sie m\u00fcssen die BDM Bet App neu installieren, um sie auf dem neuesten Stand zu halten.<\/td>\n<\/tr>\n<tr>\n<td>Zahlungen<\/td>\n<td>Alle Ein- und Auszahlungsmethoden sind verf\u00fcgbar.<\/td>\n<td>Gleiche Methoden, aber schnellerer Zugriff und schnellere Transaktionen.<\/td>\n<\/tr>\n<tr>\n<td>Benutzeroberfl\u00e4che<\/td>\n<td>Kompatibel mit einer Vielzahl von Ger\u00e4ten.<\/p>\n<p>Sofort \u00fcber das Internet zug\u00e4nglich.<\/td>\n<td>An mobile Bildschirme angepasst.<\/p>\n<p>Ausgestattet mit Touch-Steuerung f\u00fcr einfacheres Spielen.<\/p>\n<p>Schnellere Ladezeiten.<\/p>\n<p>Tiefe Ger\u00e4teintegration (z. B. Benachrichtigungen, Synchronisierung mit Zahlungs-Apps usw.).<\/td>\n<\/tr>\n<\/tbody>\n<\/table>\n<h2><\/h2>\n<\/div><\/div><br \/>\n<div style=\"clear: both\"><\/div><div class=\"d-flex justify-content-center\"><button data-item=\"decouvrez_link\" data-group=\"website_links\" class=\"goto fw-bold rounded-pill btn btn-orange\" aria-label=\"BDMBet-App herunterladen\" >BDMBet-App herunterladen<\/button><\/div><br \/>\n<div class=\"scrollable-content-wrap my-5\"><div class=\"scrollable-content-inner\"><h2>H\u00e4ufig gestellte Fragen<\/h2>\n<h3>Bietet die BDM Bet Casino App einen Kundensupport?<\/h3>\n<p>Ja, Sie k\u00f6nnen das BDM Bet Casino \u00fcber die mobile App oder \u00fcber die Webseite erreichen. Sie k\u00f6nnen uns \u00fcber den LiveChat kontaktieren, um die schnellste L\u00f6sung f\u00fcr Ihr Problem zu erhalten (wir antworten innerhalb von 2 Minuten). Eine weitere M\u00f6glichkeit ist, uns eine E-Mail zu senden \u2013 unsere Kundendienst Spezialisten beantworten diese in der Regel innerhalb von 24 Stunden.<\/p>\n<h3>Gibt es eine BDMBet Casino-App f\u00fcr Windows und macOS?<\/h3>\n<p>Windows- und macOS-Benutzer k\u00f6nnen \u00fcber jede beliebige Web-App, die auf ihrem Desktop installiert ist (z. B. Chrome, Firefox usw.), auf das BDMBet Casino zugreifen. Wir bieten auch eine herunterladbare App f\u00fcr mobile Ger\u00e4te an.<\/p>\n<h3>Gibt es bei BDM Bet Casino eine Kontoanforderung?<\/h3>\n<p>Ja, Sie m\u00fcssen den Registrierungsprozess abschlie\u00dfen, um das gesamte BDM Bet-Erlebnis nutzen zu k\u00f6nnen. Nach der Registrierung Ihres Kontos k\u00f6nnen Sie Einzahlungen vornehmen, die angebotenen Werbeaktionen nutzen und Ihre pers\u00f6nliche Spielhistorie einsehen. Die Registrierung ist nicht kompliziert \u2013 Sie m\u00fcssen lediglich die erforderlichen Mindestangaben zu Ihrer Person machen, um sich zu identifizieren und einen sicheren rechtlichen Rahmen zu gew\u00e4hrleisten.<\/p>\n<h3>Gibt es ein Live-Casino in der BDMBet Casino App?<\/h3>\n<p>Die BDMBet Casino App bietet Ihnen alle Ihre Lieblings-Live-Dealer-Tische mit Blackjack, Roulette, Poker, Baccarat und mehr. Die Spiele werden live gespielt, was ihnen das realistische Gef\u00fchl eines authentischen Casinos vermittelt. Die mobile App verf\u00fcgt \u00fcber eine einfache Benutzeroberfl\u00e4che, die vollst\u00e4ndig an kleinere Bildschirme angepasst ist. Sie erm\u00f6glicht es Ihnen, an Live-Tischen teilzunehmen und bequem mit professionellen Dealern zu kommunizieren.<\/p>\n<h3>Unterst\u00fctzt die App alle Spiele?<\/h3>\n<p>Die meisten Spiele von BDM Bet Casino sind \u00fcber die App verf\u00fcgbar: Spielautomaten, Tischspiele, Live-Dealer usw. Einige seltene oder neue Funktionen k\u00f6nnen jedoch nur auf der Desktop-Website genutzt werden. Wir bem\u00fchen uns, unsere mobile App regelm\u00e4\u00dfig weiterzuentwickeln und zu aktualisieren, um die Anzahl der angebotenen Spiele zu erh\u00f6hen und die Benutzererfahrung auf allen Arten von Ger\u00e4ten zu verbessern.<\/p>\n<h3>Wie aktualisiert man die BDM Bet Casino App?<\/h3>\n<p>Im Gegensatz zur Browser-Version unserer Website verf\u00fcgt die mobile App nicht \u00fcber automatische Feature-Updates. Um sie auf dem neuesten Stand zu halten, m\u00fcssen Sie sie manuell neu installieren.<\/p>\n<h3>Wie werden Auszahlungen \u00fcber die App abgewickelt?<\/h3>\n<p>Die Auszahlung von Gewinnen bei BDM Bet ist kinderleicht. Sie m\u00fcssen sich in Ihr Konto einloggen, zu \u201eAuszahlungen\u201d navigieren und die Zahlungsmethode ausw\u00e4hlen. Geben Sie dann den gew\u00fcnschten Betrag ein und best\u00e4tigen Sie die Transaktion. Die Gesamtbearbeitungszeit h\u00e4ngt von der gew\u00e4hlten Methode ab. Alle Transaktionen, die \u00fcber die BDMBet-App abgewickelt werden, sind durch fortschrittliche Verschl\u00fcsselungstechnologie gesch\u00fctzt.<\/p>\n<\/div><\/div><\/p>\n","protected":false},"excerpt":{"rendered":"<p>BDMBet App Mit der BDMBet App haben Sie direkt von Ihrem Mobilger\u00e4t aus Zugriff auf \u00fcber 6.000 der besten Slots und Live-Casino-Spiele. Die App verf\u00fcgt \u00fcber eine einfach zu bedienende Benutzeroberfl\u00e4che mit einer Reihe praktischer Funktionen. Dank der integrierten Push-Benachrichtigungen verpassen Sie beispielsweise keine einzige Werbeaktion mehr und sind immer rechtzeitig dabei, um gro\u00dfe Preise [&hellip;]<\/p>\n","protected":false},"author":1,"featured_media":0,"parent":0,"menu_order":0,"comment_status":"closed","ping_status":"closed","template":"template-builder.php","meta":{"_acf_changed":false,"inline_featured_image":false,"footnotes":""},"class_list":["post-1920","page","type-page","status-publish","hentry"],"acf":[],"yoast_head":"<!-- This site is optimized with the Yoast SEO plugin v24.4 - https:\/\/yoast.com\/wordpress\/plugins\/seo\/ -->\n<title>BDMBet Casino App | Mobile Anwendung | 1.500\u20ac Bonus + 250 Freispiele<\/title>\n<meta name=\"description\" content=\"Lade die BDMBet Casino App f\u00fcr iOS und Android herunter. Spiele 6.000+ Slots, Poker, Blackjack und Live-Dealer. Sichere dir 1.500\u20ac + 250 Freispiele, 24\/7 Support und schnelle Auszahlungen.\" \/>\n<meta name=\"robots\" content=\"index, follow, max-snippet:-1, max-image-preview:large, max-video-preview:-1\" \/>\n<link rel=\"canonical\" href=\"https:\/\/thebdmbet.com\/de\/app\/\" \/>\n<meta property=\"og:locale\" content=\"de_DE\" \/>\n<meta property=\"og:type\" content=\"article\" \/>\n<meta property=\"og:title\" content=\"BDMBet Casino App | Mobile Anwendung | 1.500\u20ac Bonus + 250 Freispiele\" \/>\n<meta property=\"og:description\" content=\"Lade die BDMBet Casino App f\u00fcr iOS und Android herunter. Spiele 6.000+ Slots, Poker, Blackjack und Live-Dealer. Sichere dir 1.500\u20ac + 250 Freispiele, 24\/7 Support und schnelle Auszahlungen.\" \/>\n<meta property=\"og:url\" content=\"https:\/\/thebdmbet.com\/de\/app\/\" \/>\n<meta property=\"og:site_name\" content=\"BDMBET Online\" \/>\n<meta property=\"article:modified_time\" content=\"2026-01-26T09:11:58+00:00\" \/>\n<meta property=\"og:image\" content=\"https:\/\/thebdmbet.com\/wp-content\/uploads\/2025\/04\/M90imuK0joEUc3BIbvIR.png\" \/>\n<meta name=\"twitter:card\" content=\"summary_large_image\" \/>\n<meta name=\"twitter:label1\" content=\"Gesch\u00e4tzte Lesezeit\" \/>\n\t<meta name=\"twitter:data1\" content=\"2\u00a0Minuten\" \/>\n<script type=\"application\/ld+json\" class=\"yoast-schema-graph\">{\"@context\":\"https:\/\/schema.org\",\"@graph\":[{\"@type\":\"WebPage\",\"@id\":\"https:\/\/thebdmbet.com\/de\/app\/\",\"url\":\"https:\/\/thebdmbet.com\/de\/app\/\",\"name\":\"BDMBet Casino App | Mobile Anwendung | 1.500\u20ac Bonus + 250 Freispiele\",\"isPartOf\":{\"@id\":\"https:\/\/thebdmbet.com\/de\/#website\"},\"primaryImageOfPage\":{\"@id\":\"https:\/\/thebdmbet.com\/de\/app\/#primaryimage\"},\"image\":{\"@id\":\"https:\/\/thebdmbet.com\/de\/app\/#primaryimage\"},\"thumbnailUrl\":\"https:\/\/thebdmbet.com\/wp-content\/uploads\/2025\/04\/M90imuK0joEUc3BIbvIR.png\",\"datePublished\":\"2024-10-27T13:48:15+00:00\",\"dateModified\":\"2026-01-26T09:11:58+00:00\",\"description\":\"Lade die BDMBet Casino App f\u00fcr iOS und Android herunter. Spiele 6.000+ Slots, Poker, Blackjack und Live-Dealer. Sichere dir 1.500\u20ac + 250 Freispiele, 24\/7 Support und schnelle Auszahlungen.\",\"breadcrumb\":{\"@id\":\"https:\/\/thebdmbet.com\/de\/app\/#breadcrumb\"},\"inLanguage\":\"de\",\"potentialAction\":[{\"@type\":\"ReadAction\",\"target\":[\"https:\/\/thebdmbet.com\/de\/app\/\"]}]},{\"@type\":\"ImageObject\",\"inLanguage\":\"de\",\"@id\":\"https:\/\/thebdmbet.com\/de\/app\/#primaryimage\",\"url\":\"https:\/\/thebdmbet.com\/wp-content\/uploads\/2025\/04\/M90imuK0joEUc3BIbvIR.png\",\"contentUrl\":\"https:\/\/thebdmbet.com\/wp-content\/uploads\/2025\/04\/M90imuK0joEUc3BIbvIR.png\"},{\"@type\":\"BreadcrumbList\",\"@id\":\"https:\/\/thebdmbet.com\/de\/app\/#breadcrumb\",\"itemListElement\":[{\"@type\":\"ListItem\",\"position\":1,\"name\":\"Bdmbet\",\"item\":\"https:\/\/thebdmbet.com\/de\/\"},{\"@type\":\"ListItem\",\"position\":2,\"name\":\"App\"}]},{\"@type\":\"WebSite\",\"@id\":\"https:\/\/thebdmbet.com\/de\/#website\",\"url\":\"https:\/\/thebdmbet.com\/de\/\",\"name\":\"Bdmbet\",\"description\":\"\",\"publisher\":{\"@id\":\"https:\/\/thebdmbet.com\/de\/#organization\"},\"potentialAction\":[{\"@type\":\"SearchAction\",\"target\":{\"@type\":\"EntryPoint\",\"urlTemplate\":\"https:\/\/thebdmbet.com\/de\/?s={search_term_string}\"},\"query-input\":{\"@type\":\"PropertyValueSpecification\",\"valueRequired\":true,\"valueName\":\"search_term_string\"}}],\"inLanguage\":\"de\"},{\"@type\":\"Organization\",\"@id\":\"https:\/\/thebdmbet.com\/de\/#organization\",\"name\":\"Bdmbet\",\"url\":\"https:\/\/thebdmbet.com\/de\/\",\"logo\":{\"@type\":\"ImageObject\",\"inLanguage\":\"de\",\"@id\":\"https:\/\/thebdmbet.com\/de\/#\/schema\/logo\/image\/\",\"url\":\"https:\/\/thebdmbet.com\/wp-content\/uploads\/2026\/01\/Logo-Tabs.svg\",\"contentUrl\":\"https:\/\/thebdmbet.com\/wp-content\/uploads\/2026\/01\/Logo-Tabs.svg\",\"width\":104,\"height\":20,\"caption\":\"Bdmbet\"},\"image\":{\"@id\":\"https:\/\/thebdmbet.com\/de\/#\/schema\/logo\/image\/\"}}]}<\/script>\n<!-- \/ Yoast SEO plugin. -->","yoast_head_json":{"title":"BDMBet Casino App | Mobile Anwendung | 1.500\u20ac Bonus + 250 Freispiele","description":"Lade die BDMBet Casino App f\u00fcr iOS und Android herunter. Spiele 6.000+ Slots, Poker, Blackjack und Live-Dealer. Sichere dir 1.500\u20ac + 250 Freispiele, 24\/7 Support und schnelle Auszahlungen.","robots":{"index":"index","follow":"follow","max-snippet":"max-snippet:-1","max-image-preview":"max-image-preview:large","max-video-preview":"max-video-preview:-1"},"canonical":"https:\/\/thebdmbet.com\/de\/app\/","og_locale":"de_DE","og_type":"article","og_title":"BDMBet Casino App | Mobile Anwendung | 1.500\u20ac Bonus + 250 Freispiele","og_description":"Lade die BDMBet Casino App f\u00fcr iOS und Android herunter. Spiele 6.000+ Slots, Poker, Blackjack und Live-Dealer. Sichere dir 1.500\u20ac + 250 Freispiele, 24\/7 Support und schnelle Auszahlungen.","og_url":"https:\/\/thebdmbet.com\/de\/app\/","og_site_name":"BDMBET Online","article_modified_time":"2026-01-26T09:11:58+00:00","og_image":[{"url":"https:\/\/thebdmbet.com\/wp-content\/uploads\/2025\/04\/M90imuK0joEUc3BIbvIR.png","type":"","width":"","height":""}],"twitter_card":"summary_large_image","twitter_misc":{"Gesch\u00e4tzte Lesezeit":"2\u00a0Minuten"},"schema":{"@context":"https:\/\/schema.org","@graph":[{"@type":"WebPage","@id":"https:\/\/thebdmbet.com\/de\/app\/","url":"https:\/\/thebdmbet.com\/de\/app\/","name":"BDMBet Casino App | Mobile Anwendung | 1.500\u20ac Bonus + 250 Freispiele","isPartOf":{"@id":"https:\/\/thebdmbet.com\/de\/#website"},"primaryImageOfPage":{"@id":"https:\/\/thebdmbet.com\/de\/app\/#primaryimage"},"image":{"@id":"https:\/\/thebdmbet.com\/de\/app\/#primaryimage"},"thumbnailUrl":"https:\/\/thebdmbet.com\/wp-content\/uploads\/2025\/04\/M90imuK0joEUc3BIbvIR.png","datePublished":"2024-10-27T13:48:15+00:00","dateModified":"2026-01-26T09:11:58+00:00","description":"Lade die BDMBet Casino App f\u00fcr iOS und Android herunter. Spiele 6.000+ Slots, Poker, Blackjack und Live-Dealer. Sichere dir 1.500\u20ac + 250 Freispiele, 24\/7 Support und schnelle Auszahlungen.","breadcrumb":{"@id":"https:\/\/thebdmbet.com\/de\/app\/#breadcrumb"},"inLanguage":"de","potentialAction":[{"@type":"ReadAction","target":["https:\/\/thebdmbet.com\/de\/app\/"]}]},{"@type":"ImageObject","inLanguage":"de","@id":"https:\/\/thebdmbet.com\/de\/app\/#primaryimage","url":"https:\/\/thebdmbet.com\/wp-content\/uploads\/2025\/04\/M90imuK0joEUc3BIbvIR.png","contentUrl":"https:\/\/thebdmbet.com\/wp-content\/uploads\/2025\/04\/M90imuK0joEUc3BIbvIR.png"},{"@type":"BreadcrumbList","@id":"https:\/\/thebdmbet.com\/de\/app\/#breadcrumb","itemListElement":[{"@type":"ListItem","position":1,"name":"Bdmbet","item":"https:\/\/thebdmbet.com\/de\/"},{"@type":"ListItem","position":2,"name":"App"}]},{"@type":"WebSite","@id":"https:\/\/thebdmbet.com\/de\/#website","url":"https:\/\/thebdmbet.com\/de\/","name":"Bdmbet","description":"","publisher":{"@id":"https:\/\/thebdmbet.com\/de\/#organization"},"potentialAction":[{"@type":"SearchAction","target":{"@type":"EntryPoint","urlTemplate":"https:\/\/thebdmbet.com\/de\/?s={search_term_string}"},"query-input":{"@type":"PropertyValueSpecification","valueRequired":true,"valueName":"search_term_string"}}],"inLanguage":"de"},{"@type":"Organization","@id":"https:\/\/thebdmbet.com\/de\/#organization","name":"Bdmbet","url":"https:\/\/thebdmbet.com\/de\/","logo":{"@type":"ImageObject","inLanguage":"de","@id":"https:\/\/thebdmbet.com\/de\/#\/schema\/logo\/image\/","url":"https:\/\/thebdmbet.com\/wp-content\/uploads\/2026\/01\/Logo-Tabs.svg","contentUrl":"https:\/\/thebdmbet.com\/wp-content\/uploads\/2026\/01\/Logo-Tabs.svg","width":104,"height":20,"caption":"Bdmbet"},"image":{"@id":"https:\/\/thebdmbet.com\/de\/#\/schema\/logo\/image\/"}}]}},"_links":{"self":[{"href":"https:\/\/thebdmbet.com\/de\/wp-json\/wp\/v2\/pages\/1920","targetHints":{"allow":["GET"]}}],"collection":[{"href":"https:\/\/thebdmbet.com\/de\/wp-json\/wp\/v2\/pages"}],"about":[{"href":"https:\/\/thebdmbet.com\/de\/wp-json\/wp\/v2\/types\/page"}],"author":[{"embeddable":true,"href":"https:\/\/thebdmbet.com\/de\/wp-json\/wp\/v2\/users\/1"}],"replies":[{"embeddable":true,"href":"https:\/\/thebdmbet.com\/de\/wp-json\/wp\/v2\/comments?post=1920"}],"version-history":[{"count":2,"href":"https:\/\/thebdmbet.com\/de\/wp-json\/wp\/v2\/pages\/1920\/revisions"}],"predecessor-version":[{"id":1924,"href":"https:\/\/thebdmbet.com\/de\/wp-json\/wp\/v2\/pages\/1920\/revisions\/1924"}],"wp:attachment":[{"href":"https:\/\/thebdmbet.com\/de\/wp-json\/wp\/v2\/media?parent=1920"}],"curies":[{"name":"wp","href":"https:\/\/api.w.org\/{rel}","templated":true}]}}